{"id":480,"date":"2023-10-09T15:55:55","date_gmt":"2023-10-09T13:55:55","guid":{"rendered":"https:\/\/desavia.es\/gardening-and-comprehensive-consulting-services-in-valldoreix-and-sant-cugat\/"},"modified":"2024-03-28T12:19:21","modified_gmt":"2024-03-28T11:19:21","slug":"gardening-and-comprehensive-consulting-services-in-valldoreix-and-sant-cugat","status":"publish","type":"page","link":"https:\/\/desavia.es\/en\/","title":{"rendered":"Gardening and Comprehensive Consulting Services in Valldoreix and Sant Cugat"},"content":{"rendered":"\t\t<div data-elementor-type=\"wp-page\" data-elementor-id=\"480\" class=\"elementor elementor-480 elementor-2\" data-elementor-post-type=\"page\">\n\t\t\t\t<div class=\"elementor-element elementor-element-3c8b0fe9 e-flex e-con-boxed e-con e-parent\" data-id=\"3c8b0fe9\" data-element_type=\"container\" data-settings=\"{&quot;background_background&quot;:&quot;classic&quot;}\" data-core-v316-plus=\"true\">\n\t\t\t\t\t<div class=\"e-con-inner\">\n\t\t\t\t<div class=\"elementor-element elementor-element-53152b9d elementor-widget elementor-widget-heading\" data-id=\"53152b9d\" data-element_type=\"widget\" data-widget_type=\"heading.default\">\n\t\t\t\t<div class=\"elementor-widget-container\">\n\t\t\t<style>\/*! elementor - v3.20.0 - 10-04-2024 *\/\n.elementor-heading-title{padding:0;margin:0;line-height:1}.elementor-widget-heading .elementor-heading-title[class*=elementor-size-]>a{color:inherit;font-size:inherit;line-height:inherit}.elementor-widget-heading .elementor-heading-title.elementor-size-small{font-size:15px}.elementor-widget-heading .elementor-heading-title.elementor-size-medium{font-size:19px}.elementor-widget-heading .elementor-heading-title.elementor-size-large{font-size:29px}.elementor-widget-heading .elementor-heading-title.elementor-size-xl{font-size:39px}.elementor-widget-heading .elementor-heading-title.elementor-size-xxl{font-size:59px}<\/style><h1 class=\"elementor-heading-title elementor-size-default\">SPECIALIZED GARDENING SERVICES<\/h1>\t\t<\/div>\n\t\t\t\t<\/div>\n\t\t\t\t<div class=\"elementor-element elementor-element-3b0d608 elementor-align-center elementor-widget elementor-widget-button\" data-id=\"3b0d608\" data-element_type=\"widget\" data-widget_type=\"button.default\">\n\t\t\t\t<div class=\"elementor-widget-container\">\n\t\t\t\t\t<div class=\"elementor-button-wrapper\">\n\t\t\t<a class=\"elementor-button elementor-button-link elementor-size-sm\" href=\"https:\/\/desavia.es\/en\/services\/\">\n\t\t\t\t\t\t<span class=\"elementor-button-content-wrapper\">\n\t\t\t\t\t\t<span class=\"elementor-button-text\">SEE ALL SERVICES<\/span>\n\t\t<\/span>\n\t\t\t\t\t<\/a>\n\t\t<\/div>\n\t\t\t\t<\/div>\n\t\t\t\t<\/div>\n\t\t\t\t\t<\/div>\n\t\t\t\t<\/div>\n\t\t<div class=\"elementor-element elementor-element-a4a6814 e-flex e-con-boxed e-con e-parent\" data-id=\"a4a6814\" data-element_type=\"container\" data-core-v316-plus=\"true\">\n\t\t\t\t\t<div class=\"e-con-inner\">\n\t\t<div class=\"elementor-element elementor-element-dd88460 e-con-full e-flex e-con e-child\" data-id=\"dd88460\" data-element_type=\"container\">\n\t\t\t\t<div class=\"elementor-element elementor-element-6c7ed643 elementor-position-top elementor-widget elementor-widget-image-box\" data-id=\"6c7ed643\" data-element_type=\"widget\" data-widget_type=\"image-box.default\">\n\t\t\t\t<div class=\"elementor-widget-container\">\n\t\t\t<style>\/*! elementor - v3.20.0 - 10-04-2024 *\/\n.elementor-widget-image-box .elementor-image-box-content{width:100%}@media (min-width:768px){.elementor-widget-image-box.elementor-position-left .elementor-image-box-wrapper,.elementor-widget-image-box.elementor-position-right .elementor-image-box-wrapper{display:flex}.elementor-widget-image-box.elementor-position-right .elementor-image-box-wrapper{text-align:right;flex-direction:row-reverse}.elementor-widget-image-box.elementor-position-left .elementor-image-box-wrapper{text-align:left;flex-direction:row}.elementor-widget-image-box.elementor-position-top .elementor-image-box-img{margin:auto}.elementor-widget-image-box.elementor-vertical-align-top .elementor-image-box-wrapper{align-items:flex-start}.elementor-widget-image-box.elementor-vertical-align-middle .elementor-image-box-wrapper{align-items:center}.elementor-widget-image-box.elementor-vertical-align-bottom .elementor-image-box-wrapper{align-items:flex-end}}@media (max-width:767px){.elementor-widget-image-box .elementor-image-box-img{margin-left:auto!important;margin-right:auto!important;margin-bottom:15px}}.elementor-widget-image-box .elementor-image-box-img{display:inline-block}.elementor-widget-image-box .elementor-image-box-title a{color:inherit}.elementor-widget-image-box .elementor-image-box-wrapper{text-align:center}.elementor-widget-image-box .elementor-image-box-description{margin:0}<\/style><div class=\"elementor-image-box-wrapper\"><figure class=\"elementor-image-box-img\"><a href=\"#\" tabindex=\"-1\"><img fetchpriority=\"high\" decoding=\"async\" width=\"256\" height=\"256\" src=\"https:\/\/desavia.es\/wp-content\/uploads\/2023\/11\/lawn-mower.png\" class=\"attachment-full size-full wp-image-145\" alt=\"\" srcset=\"https:\/\/desavia.es\/wp-content\/uploads\/2023\/11\/lawn-mower.png 256w, https:\/\/desavia.es\/wp-content\/uploads\/2023\/11\/lawn-mower-150x150.png 150w, https:\/\/desavia.es\/wp-content\/uploads\/2023\/11\/lawn-mower-100x100.png 100w\" sizes=\"(max-width: 256px) 100vw, 256px\" \/><\/a><\/figure><div class=\"elementor-image-box-content\"><h2 class=\"elementor-image-box-title\"><a href=\"#\">Gardening Services<\/a><\/h2><p class=\"elementor-image-box-description\">We offer all the services your garden - office needs. <\/p><\/div><\/div>\t\t<\/div>\n\t\t\t\t<\/div>\n\t\t\t\t<div class=\"elementor-element elementor-element-f6833ea elementor-align-center elementor-widget elementor-widget-button\" data-id=\"f6833ea\" data-element_type=\"widget\" data-widget_type=\"button.default\">\n\t\t\t\t<div class=\"elementor-widget-container\">\n\t\t\t\t\t<div class=\"elementor-button-wrapper\">\n\t\t\t<a class=\"elementor-button elementor-button-link elementor-size-xs\" href=\"https:\/\/desavia.es\/servicios\/jardineros-para-jardines-y-terrazas-de-particulares\/\">\n\t\t\t\t\t\t<span class=\"elementor-button-content-wrapper\">\n\t\t\t\t\t\t<span class=\"elementor-button-icon elementor-align-icon-right\">\n\t\t\t\t<svg aria-hidden=\"true\" class=\"e-font-icon-svg e-fas-long-arrow-alt-right\" viewBox=\"0 0 448 512\" xmlns=\"http:\/\/www.w3.org\/2000\/svg\"><path d=\"M313.941 216H12c-6.627 0-12 5.373-12 12v56c0 6.627 5.373 12 12 12h301.941v46.059c0 21.382 25.851 32.09 40.971 16.971l86.059-86.059c9.373-9.373 9.373-24.569 0-33.941l-86.059-86.059c-15.119-15.119-40.971-4.411-40.971 16.971V216z\"><\/path><\/svg>\t\t\t<\/span>\n\t\t\t\t\t\t<span class=\"elementor-button-text\">SEE MORE<\/span>\n\t\t<\/span>\n\t\t\t\t\t<\/a>\n\t\t<\/div>\n\t\t\t\t<\/div>\n\t\t\t\t<\/div>\n\t\t\t\t<\/div>\n\t\t<div class=\"elementor-element elementor-element-787a460 e-con-full e-flex e-con e-child\" data-id=\"787a460\" data-element_type=\"container\">\n\t\t\t\t<div class=\"elementor-element elementor-element-67a2f378 elementor-position-top elementor-widget elementor-widget-image-box\" data-id=\"67a2f378\" data-element_type=\"widget\" data-widget_type=\"image-box.default\">\n\t\t\t\t<div class=\"elementor-widget-container\">\n\t\t\t<div class=\"elementor-image-box-wrapper\"><figure class=\"elementor-image-box-img\"><a href=\"#\" tabindex=\"-1\"><img decoding=\"async\" width=\"256\" height=\"256\" src=\"https:\/\/desavia.es\/wp-content\/uploads\/2023\/11\/agriculture_.png\" class=\"attachment-full size-full wp-image-144\" alt=\"\" srcset=\"https:\/\/desavia.es\/wp-content\/uploads\/2023\/11\/agriculture_.png 256w, https:\/\/desavia.es\/wp-content\/uploads\/2023\/11\/agriculture_-150x150.png 150w, https:\/\/desavia.es\/wp-content\/uploads\/2023\/11\/agriculture_-100x100.png 100w\" sizes=\"(max-width: 256px) 100vw, 256px\" \/><\/a><\/figure><div class=\"elementor-image-box-content\"><h2 class=\"elementor-image-box-title\"><a href=\"#\">Comprehensive advice<\/a><\/h2><p class=\"elementor-image-box-description\">We offer all the services you need for your work\/project.<\/p><\/div><\/div>\t\t<\/div>\n\t\t\t\t<\/div>\n\t\t\t\t<div class=\"elementor-element elementor-element-af3ef4d elementor-align-center elementor-widget elementor-widget-button\" data-id=\"af3ef4d\" data-element_type=\"widget\" data-widget_type=\"button.default\">\n\t\t\t\t<div class=\"elementor-widget-container\">\n\t\t\t\t\t<div class=\"elementor-button-wrapper\">\n\t\t\t<a class=\"elementor-button elementor-button-link elementor-size-xs\" href=\"https:\/\/desavia.es\/servicios\/administradores-de-fincas\/\">\n\t\t\t\t\t\t<span class=\"elementor-button-content-wrapper\">\n\t\t\t\t\t\t<span class=\"elementor-button-icon elementor-align-icon-right\">\n\t\t\t\t<svg aria-hidden=\"true\" class=\"e-font-icon-svg e-fas-long-arrow-alt-right\" viewBox=\"0 0 448 512\" xmlns=\"http:\/\/www.w3.org\/2000\/svg\"><path d=\"M313.941 216H12c-6.627 0-12 5.373-12 12v56c0 6.627 5.373 12 12 12h301.941v46.059c0 21.382 25.851 32.09 40.971 16.971l86.059-86.059c9.373-9.373 9.373-24.569 0-33.941l-86.059-86.059c-15.119-15.119-40.971-4.411-40.971 16.971V216z\"><\/path><\/svg>\t\t\t<\/span>\n\t\t\t\t\t\t<span class=\"elementor-button-text\">SEE MORE<\/span>\n\t\t<\/span>\n\t\t\t\t\t<\/a>\n\t\t<\/div>\n\t\t\t\t<\/div>\n\t\t\t\t<\/div>\n\t\t\t\t<\/div>\n\t\t<div class=\"elementor-element elementor-element-8d09414 e-con-full e-flex e-con e-child\" data-id=\"8d09414\" data-element_type=\"container\">\n\t\t\t\t<div class=\"elementor-element elementor-element-226d441f elementor-position-top elementor-widget elementor-widget-image-box\" data-id=\"226d441f\" data-element_type=\"widget\" data-widget_type=\"image-box.default\">\n\t\t\t\t<div class=\"elementor-widget-container\">\n\t\t\t<div class=\"elementor-image-box-wrapper\"><figure class=\"elementor-image-box-img\"><a href=\"#\" tabindex=\"-1\"><img decoding=\"async\" width=\"256\" height=\"256\" src=\"https:\/\/desavia.es\/wp-content\/uploads\/2023\/11\/shovels.png\" class=\"attachment-full size-full wp-image-142\" alt=\"\" srcset=\"https:\/\/desavia.es\/wp-content\/uploads\/2023\/11\/shovels.png 256w, https:\/\/desavia.es\/wp-content\/uploads\/2023\/11\/shovels-150x150.png 150w, https:\/\/desavia.es\/wp-content\/uploads\/2023\/11\/shovels-100x100.png 100w\" sizes=\"(max-width: 256px) 100vw, 256px\" \/><\/a><\/figure><div class=\"elementor-image-box-content\"><h2 class=\"elementor-image-box-title\"><a href=\"#\">Works and interventions<\/a><\/h2><p class=\"elementor-image-box-description\">Design and Execution of gardening work: New construction, Recovery and Set-up.<\/p><\/div><\/div>\t\t<\/div>\n\t\t\t\t<\/div>\n\t\t\t\t<div class=\"elementor-element elementor-element-33f213a elementor-align-center elementor-widget elementor-widget-button\" data-id=\"33f213a\" data-element_type=\"widget\" data-widget_type=\"button.default\">\n\t\t\t\t<div class=\"elementor-widget-container\">\n\t\t\t\t\t<div class=\"elementor-button-wrapper\">\n\t\t\t<a class=\"elementor-button elementor-button-link elementor-size-xs\" href=\"https:\/\/desavia.es\/servicios\/arquitectos-aparejadores-y-constructoras\/\">\n\t\t\t\t\t\t<span class=\"elementor-button-content-wrapper\">\n\t\t\t\t\t\t<span class=\"elementor-button-icon elementor-align-icon-right\">\n\t\t\t\t<svg aria-hidden=\"true\" class=\"e-font-icon-svg e-fas-long-arrow-alt-right\" viewBox=\"0 0 448 512\" xmlns=\"http:\/\/www.w3.org\/2000\/svg\"><path d=\"M313.941 216H12c-6.627 0-12 5.373-12 12v56c0 6.627 5.373 12 12 12h301.941v46.059c0 21.382 25.851 32.09 40.971 16.971l86.059-86.059c9.373-9.373 9.373-24.569 0-33.941l-86.059-86.059c-15.119-15.119-40.971-4.411-40.971 16.971V216z\"><\/path><\/svg>\t\t\t<\/span>\n\t\t\t\t\t\t<span class=\"elementor-button-text\">SEE MORE<\/span>\n\t\t<\/span>\n\t\t\t\t\t<\/a>\n\t\t<\/div>\n\t\t\t\t<\/div>\n\t\t\t\t<\/div>\n\t\t\t\t<\/div>\n\t\t\t\t\t<\/div>\n\t\t\t\t<\/div>\n\t\t<div class=\"elementor-element elementor-element-3a919eaf e-flex e-con-boxed e-con e-parent\" data-id=\"3a919eaf\" data-element_type=\"container\" data-core-v316-plus=\"true\">\n\t\t\t\t\t<div class=\"e-con-inner\">\n\t\t<div class=\"elementor-element elementor-element-5116415d e-con-full e-flex e-con e-child\" data-id=\"5116415d\" data-element_type=\"container\">\n\t\t\t\t<div class=\"elementor-element elementor-element-3ddb6905 elementor-widget elementor-widget-image\" data-id=\"3ddb6905\" data-element_type=\"widget\" data-widget_type=\"image.default\">\n\t\t\t\t<div class=\"elementor-widget-container\">\n\t\t\t<style>\/*! elementor - v3.20.0 - 10-04-2024 *\/\n.elementor-widget-image{text-align:center}.elementor-widget-image a{display:inline-block}.elementor-widget-image a img[src$=\".svg\"]{width:48px}.elementor-widget-image img{vertical-align:middle;display:inline-block}<\/style>\t\t\t\t\t\t\t\t\t\t<img loading=\"lazy\" decoding=\"async\" width=\"1536\" height=\"1152\" src=\"https:\/\/desavia.es\/wp-content\/uploads\/2023\/12\/perfil-administrador-1536x1152.jpg\" class=\"attachment-1536x1536 size-1536x1536 wp-image-201\" alt=\"\" srcset=\"https:\/\/desavia.es\/wp-content\/uploads\/2023\/12\/perfil-administrador-1536x1152.jpg 1536w, https:\/\/desavia.es\/wp-content\/uploads\/2023\/12\/perfil-administrador-300x225.jpg 300w, https:\/\/desavia.es\/wp-content\/uploads\/2023\/12\/perfil-administrador-1024x768.jpg 1024w, https:\/\/desavia.es\/wp-content\/uploads\/2023\/12\/perfil-administrador-768x576.jpg 768w, https:\/\/desavia.es\/wp-content\/uploads\/2023\/12\/perfil-administrador-600x450.jpg 600w, https:\/\/desavia.es\/wp-content\/uploads\/2023\/12\/perfil-administrador.jpg 1800w\" sizes=\"(max-width: 1536px) 100vw, 1536px\" \/>\t\t\t\t\t\t\t\t\t\t\t\t\t<\/div>\n\t\t\t\t<\/div>\n\t\t\t\t<\/div>\n\t\t<div class=\"elementor-element elementor-element-4d846b8d e-con-full e-flex e-con e-child\" data-id=\"4d846b8d\" data-element_type=\"container\">\n\t\t\t\t<div class=\"elementor-element elementor-element-3636571 elementor-widget elementor-widget-heading\" data-id=\"3636571\" data-element_type=\"widget\" data-widget_type=\"heading.default\">\n\t\t\t\t<div class=\"elementor-widget-container\">\n\t\t\t<h3 class=\"elementor-heading-title elementor-size-default\">Welcome<\/h3>\t\t<\/div>\n\t\t\t\t<\/div>\n\t\t\t\t<div class=\"elementor-element elementor-element-3d03281e elementor-widget elementor-widget-text-editor\" data-id=\"3d03281e\" data-element_type=\"widget\" data-widget_type=\"text-editor.default\">\n\t\t\t\t<div class=\"elementor-widget-container\">\n\t\t\t<style>\/*! elementor - v3.20.0 - 10-04-2024 *\/\n.elementor-widget-text-editor.elementor-drop-cap-view-stacked .elementor-drop-cap{background-color:#69727d;color:#fff}.elementor-widget-text-editor.elementor-drop-cap-view-framed .elementor-drop-cap{color:#69727d;border:3px solid;background-color:transparent}.elementor-widget-text-editor:not(.elementor-drop-cap-view-default) .elementor-drop-cap{margin-top:8px}.elementor-widget-text-editor:not(.elementor-drop-cap-view-default) .elementor-drop-cap-letter{width:1em;height:1em}.elementor-widget-text-editor .elementor-drop-cap{float:left;text-align:center;line-height:1;font-size:50px}.elementor-widget-text-editor .elementor-drop-cap-letter{display:inline-block}<\/style>\t\t\t\t<p>Welcome to Jardiner\u00eda Desavia, your green partner in Valldoreix and Sant Cugat.<\/p>\n<p>We offer comprehensive gardening services for individuals and companies. From garden maintenance to specialized advice on architectural projects with green areas, our professional and dedicated team is ready to transform your outdoor spaces. <\/p>\n\t\t\t\t\t\t<\/div>\n\t\t\t\t<\/div>\n\t\t\t\t<\/div>\n\t\t\t\t\t<\/div>\n\t\t\t\t<\/div>\n\t\t\t\t<\/div>\n\t\t","protected":false},"excerpt":{"rendered":"<p>SPECIALIZED GARDENING SERVICES SEE ALL SERVICES Gardening Services We offer all the services your garden &#8211; office needs. SEE MORE Comprehensive advice We offer all the services you need for your work\/project. SEE MORE Works and interventions Design and Execution of gardening work: New construction, Recovery and Set-up. SEE MORE Welcome Welcome to Jardiner\u00eda Desavia, [&hellip;]<\/p>\n","protected":false},"author":1,"featured_media":0,"parent":0,"menu_order":0,"comment_status":"closed","ping_status":"closed","template":"","meta":{"footnotes":""},"class_list":["post-480","page","type-page","status-publish","hentry"],"yoast_head":"<!-- This site is optimized with the Yoast SEO plugin v23.7 - https:\/\/yoast.com\/wordpress\/plugins\/seo\/ -->\n<title>Gardening Services in Valldoreix and Sant Cugat<\/title>\n<meta name=\"description\" content=\"Comprehensive gardening services for individuals and companies in Valldoreix and Sant Cugat. Artificial grass.\" \/>\n<meta name=\"robots\" content=\"index, follow, max-snippet:-1, max-image-preview:large, max-video-preview:-1\" \/>\n<link rel=\"canonical\" href=\"https:\/\/desavia.es\/en\/gardening-and-comprehensive-consulting-services-in-valldoreix-and-sant-cugat\/\" \/>\n<meta property=\"og:locale\" content=\"en_US\" \/>\n<meta property=\"og:type\" content=\"article\" \/>\n<meta property=\"og:title\" content=\"Gardening Services in Valldoreix and Sant Cugat\" \/>\n<meta property=\"og:description\" content=\"Comprehensive gardening services for individuals and companies in Valldoreix and Sant Cugat. Artificial grass.\" \/>\n<meta property=\"og:url\" content=\"https:\/\/desavia.es\/en\/gardening-and-comprehensive-consulting-services-in-valldoreix-and-sant-cugat\/\" \/>\n<meta property=\"og:site_name\" content=\"Desavia - Servicios de Jardiner\u00eda en Barcelona y Valldoreix\" \/>\n<meta property=\"article:modified_time\" content=\"2024-03-28T11:19:21+00:00\" \/>\n<meta property=\"og:image\" content=\"https:\/\/desavia.es\/wp-content\/uploads\/2023\/11\/lawn-mower.png\" \/>\n<meta name=\"twitter:card\" content=\"summary_large_image\" \/>\n<script type=\"application\/ld+json\" class=\"yoast-schema-graph\">{\"@context\":\"https:\/\/schema.org\",\"@graph\":[{\"@type\":\"WebPage\",\"@id\":\"https:\/\/desavia.es\/en\/gardening-and-comprehensive-consulting-services-in-valldoreix-and-sant-cugat\/\",\"url\":\"https:\/\/desavia.es\/en\/gardening-and-comprehensive-consulting-services-in-valldoreix-and-sant-cugat\/\",\"name\":\"Gardening Services in Valldoreix and Sant Cugat\",\"isPartOf\":{\"@id\":\"https:\/\/desavia.es\/#website\"},\"primaryImageOfPage\":{\"@id\":\"https:\/\/desavia.es\/en\/gardening-and-comprehensive-consulting-services-in-valldoreix-and-sant-cugat\/#primaryimage\"},\"image\":{\"@id\":\"https:\/\/desavia.es\/en\/gardening-and-comprehensive-consulting-services-in-valldoreix-and-sant-cugat\/#primaryimage\"},\"thumbnailUrl\":\"https:\/\/desavia.es\/wp-content\/uploads\/2023\/11\/lawn-mower.png\",\"datePublished\":\"2023-10-09T13:55:55+00:00\",\"dateModified\":\"2024-03-28T11:19:21+00:00\",\"description\":\"Comprehensive gardening services for individuals and companies in Valldoreix and Sant Cugat. Artificial grass.\",\"breadcrumb\":{\"@id\":\"https:\/\/desavia.es\/en\/gardening-and-comprehensive-consulting-services-in-valldoreix-and-sant-cugat\/#breadcrumb\"},\"inLanguage\":\"en-US\",\"potentialAction\":[{\"@type\":\"ReadAction\",\"target\":[\"https:\/\/desavia.es\/en\/gardening-and-comprehensive-consulting-services-in-valldoreix-and-sant-cugat\/\"]}]},{\"@type\":\"ImageObject\",\"inLanguage\":\"en-US\",\"@id\":\"https:\/\/desavia.es\/en\/gardening-and-comprehensive-consulting-services-in-valldoreix-and-sant-cugat\/#primaryimage\",\"url\":\"https:\/\/desavia.es\/wp-content\/uploads\/2023\/11\/lawn-mower.png\",\"contentUrl\":\"https:\/\/desavia.es\/wp-content\/uploads\/2023\/11\/lawn-mower.png\"},{\"@type\":\"BreadcrumbList\",\"@id\":\"https:\/\/desavia.es\/en\/gardening-and-comprehensive-consulting-services-in-valldoreix-and-sant-cugat\/#breadcrumb\",\"itemListElement\":[{\"@type\":\"ListItem\",\"position\":1,\"name\":\"Portada\",\"item\":\"https:\/\/desavia.es\/en\/gardening-and-comprehensive-consulting-services-in-valldoreix-and-sant-cugat\/\"},{\"@type\":\"ListItem\",\"position\":2,\"name\":\"Gardening and Comprehensive Consulting Services in Valldoreix and Sant Cugat\"}]},{\"@type\":\"WebSite\",\"@id\":\"https:\/\/desavia.es\/#website\",\"url\":\"https:\/\/desavia.es\/\",\"name\":\"Desavia - Servicios de Jardiner\u00eda en Barcelona y Valldoreix\",\"description\":\"Servicios de Jardiner\u00eda en Barcelona y Valldoreix (Sant Cugat del Vall\u00e8s) Dise\u00f1o, construcci\u00f3n y mantenimiento de jardiner\u00eda en interiores y exteriores\",\"publisher\":{\"@id\":\"https:\/\/desavia.es\/#organization\"},\"potentialAction\":[{\"@type\":\"SearchAction\",\"target\":{\"@type\":\"EntryPoint\",\"urlTemplate\":\"https:\/\/desavia.es\/?s={search_term_string}\"},\"query-input\":{\"@type\":\"PropertyValueSpecification\",\"valueRequired\":true,\"valueName\":\"search_term_string\"}}],\"inLanguage\":\"en-US\"},{\"@type\":\"Organization\",\"@id\":\"https:\/\/desavia.es\/#organization\",\"name\":\"Desavia - Servicios de Jardiner\u00eda en Barcelona y Valldoreix\",\"url\":\"https:\/\/desavia.es\/\",\"logo\":{\"@type\":\"ImageObject\",\"inLanguage\":\"en-US\",\"@id\":\"https:\/\/desavia.es\/#\/schema\/logo\/image\/\",\"url\":\"https:\/\/desavia.es\/wp-content\/uploads\/2023\/11\/logo-login.png\",\"contentUrl\":\"https:\/\/desavia.es\/wp-content\/uploads\/2023\/11\/logo-login.png\",\"width\":102,\"height\":102,\"caption\":\"Desavia - Servicios de Jardiner\u00eda en Barcelona y Valldoreix\"},\"image\":{\"@id\":\"https:\/\/desavia.es\/#\/schema\/logo\/image\/\"}}]}<\/script>\n<!-- \/ Yoast SEO plugin. -->","yoast_head_json":{"title":"Gardening Services in Valldoreix and Sant Cugat","description":"Comprehensive gardening services for individuals and companies in Valldoreix and Sant Cugat. Artificial grass.","robots":{"index":"index","follow":"follow","max-snippet":"max-snippet:-1","max-image-preview":"max-image-preview:large","max-video-preview":"max-video-preview:-1"},"canonical":"https:\/\/desavia.es\/en\/gardening-and-comprehensive-consulting-services-in-valldoreix-and-sant-cugat\/","og_locale":"en_US","og_type":"article","og_title":"Gardening Services in Valldoreix and Sant Cugat","og_description":"Comprehensive gardening services for individuals and companies in Valldoreix and Sant Cugat. Artificial grass.","og_url":"https:\/\/desavia.es\/en\/gardening-and-comprehensive-consulting-services-in-valldoreix-and-sant-cugat\/","og_site_name":"Desavia - Servicios de Jardiner\u00eda en Barcelona y Valldoreix","article_modified_time":"2024-03-28T11:19:21+00:00","og_image":[{"url":"https:\/\/desavia.es\/wp-content\/uploads\/2023\/11\/lawn-mower.png"}],"twitter_card":"summary_large_image","schema":{"@context":"https:\/\/schema.org","@graph":[{"@type":"WebPage","@id":"https:\/\/desavia.es\/en\/gardening-and-comprehensive-consulting-services-in-valldoreix-and-sant-cugat\/","url":"https:\/\/desavia.es\/en\/gardening-and-comprehensive-consulting-services-in-valldoreix-and-sant-cugat\/","name":"Gardening Services in Valldoreix and Sant Cugat","isPartOf":{"@id":"https:\/\/desavia.es\/#website"},"primaryImageOfPage":{"@id":"https:\/\/desavia.es\/en\/gardening-and-comprehensive-consulting-services-in-valldoreix-and-sant-cugat\/#primaryimage"},"image":{"@id":"https:\/\/desavia.es\/en\/gardening-and-comprehensive-consulting-services-in-valldoreix-and-sant-cugat\/#primaryimage"},"thumbnailUrl":"https:\/\/desavia.es\/wp-content\/uploads\/2023\/11\/lawn-mower.png","datePublished":"2023-10-09T13:55:55+00:00","dateModified":"2024-03-28T11:19:21+00:00","description":"Comprehensive gardening services for individuals and companies in Valldoreix and Sant Cugat. Artificial grass.","breadcrumb":{"@id":"https:\/\/desavia.es\/en\/gardening-and-comprehensive-consulting-services-in-valldoreix-and-sant-cugat\/#breadcrumb"},"inLanguage":"en-US","potentialAction":[{"@type":"ReadAction","target":["https:\/\/desavia.es\/en\/gardening-and-comprehensive-consulting-services-in-valldoreix-and-sant-cugat\/"]}]},{"@type":"ImageObject","inLanguage":"en-US","@id":"https:\/\/desavia.es\/en\/gardening-and-comprehensive-consulting-services-in-valldoreix-and-sant-cugat\/#primaryimage","url":"https:\/\/desavia.es\/wp-content\/uploads\/2023\/11\/lawn-mower.png","contentUrl":"https:\/\/desavia.es\/wp-content\/uploads\/2023\/11\/lawn-mower.png"},{"@type":"BreadcrumbList","@id":"https:\/\/desavia.es\/en\/gardening-and-comprehensive-consulting-services-in-valldoreix-and-sant-cugat\/#breadcrumb","itemListElement":[{"@type":"ListItem","position":1,"name":"Portada","item":"https:\/\/desavia.es\/en\/gardening-and-comprehensive-consulting-services-in-valldoreix-and-sant-cugat\/"},{"@type":"ListItem","position":2,"name":"Gardening and Comprehensive Consulting Services in Valldoreix and Sant Cugat"}]},{"@type":"WebSite","@id":"https:\/\/desavia.es\/#website","url":"https:\/\/desavia.es\/","name":"Desavia - Servicios de Jardiner\u00eda en Barcelona y Valldoreix","description":"Servicios de Jardiner\u00eda en Barcelona y Valldoreix (Sant Cugat del Vall\u00e8s) Dise\u00f1o, construcci\u00f3n y mantenimiento de jardiner\u00eda en interiores y exteriores","publisher":{"@id":"https:\/\/desavia.es\/#organization"},"potentialAction":[{"@type":"SearchAction","target":{"@type":"EntryPoint","urlTemplate":"https:\/\/desavia.es\/?s={search_term_string}"},"query-input":{"@type":"PropertyValueSpecification","valueRequired":true,"valueName":"search_term_string"}}],"inLanguage":"en-US"},{"@type":"Organization","@id":"https:\/\/desavia.es\/#organization","name":"Desavia - Servicios de Jardiner\u00eda en Barcelona y Valldoreix","url":"https:\/\/desavia.es\/","logo":{"@type":"ImageObject","inLanguage":"en-US","@id":"https:\/\/desavia.es\/#\/schema\/logo\/image\/","url":"https:\/\/desavia.es\/wp-content\/uploads\/2023\/11\/logo-login.png","contentUrl":"https:\/\/desavia.es\/wp-content\/uploads\/2023\/11\/logo-login.png","width":102,"height":102,"caption":"Desavia - Servicios de Jardiner\u00eda en Barcelona y Valldoreix"},"image":{"@id":"https:\/\/desavia.es\/#\/schema\/logo\/image\/"}}]}},"_links":{"self":[{"href":"https:\/\/desavia.es\/en\/wp-json\/wp\/v2\/pages\/480","targetHints":{"allow":["GET"]}}],"collection":[{"href":"https:\/\/desavia.es\/en\/wp-json\/wp\/v2\/pages"}],"about":[{"href":"https:\/\/desavia.es\/en\/wp-json\/wp\/v2\/types\/page"}],"author":[{"embeddable":true,"href":"https:\/\/desavia.es\/en\/wp-json\/wp\/v2\/users\/1"}],"replies":[{"embeddable":true,"href":"https:\/\/desavia.es\/en\/wp-json\/wp\/v2\/comments?post=480"}],"version-history":[{"count":8,"href":"https:\/\/desavia.es\/en\/wp-json\/wp\/v2\/pages\/480\/revisions"}],"predecessor-version":[{"id":508,"href":"https:\/\/desavia.es\/en\/wp-json\/wp\/v2\/pages\/480\/revisions\/508"}],"wp:attachment":[{"href":"https:\/\/desavia.es\/en\/wp-json\/wp\/v2\/media?parent=480"}],"curies":[{"name":"wp","href":"https:\/\/api.w.org\/{rel}","templated":true}]}}